{"id":2608,"date":"2020-05-05T08:22:04","date_gmt":"2020-05-05T08:22:04","guid":{"rendered":"http:\/\/jelusic.webpoint.com.hr\/?page_id=2608"},"modified":"2020-05-21T16:02:09","modified_gmt":"2020-05-21T16:02:09","slug":"conservativa","status":"publish","type":"page","link":"https:\/\/jelusic.com\/it\/conservativa\/","title":{"rendered":"Odontoiatria conservativa"},"content":{"rendered":"<p>[vc_row bg_type=&#8221;bg_color&#8221; bg_override=&#8221;full&#8221; css=&#8221;.vc_custom_1582191276481{background-position: center !important;background-repeat: no-repeat !important;background-size: cover !important;}&#8221; bg_color_value=&#8221;#b7c6c8&#8243;][vc_column][vc_empty_space height=&#8221;1px&#8221;][\/vc_column][\/vc_row][vc_row gap=&#8221;30&#8243; equal_height=&#8221;yes&#8221; css=&#8221;.vc_custom_1582800437097{margin-bottom: 0px !important;border-bottom-width: 0px !important;padding-bottom: 0px !important;}&#8221;][vc_column width=&#8221;1\/6&#8243;][\/vc_column][vc_column width=&#8221;2\/3&#8243;]<div class=\"ult-spacer spacer-69f1d3065e1d6\" data-id=\"69f1d3065e1d6\" data-height=\"60\" data-height-mobile=\"0\" data-height-tab=\"60\" data-height-tab-portrait=\"40\" data-height-mobile-landscape=\"0\" style=\"clear:both;display:block;\"><\/div><div id=\"ultimate-heading-744269f1d3065e211\" class=\"uvc-heading ult-adjust-bottom-margin ultimate-heading-744269f1d3065e211 uvc-6529 naslov-lato uvc-heading-default-font-sizes\" data-hspacer=\"no_spacer\"  data-halign=\"center\" style=\"text-align:center\"><div class=\"uvc-heading-spacer no_spacer\" style=\"top\"><\/div><div class=\"uvc-sub-heading ult-responsive\"  data-ultimate-target='.uvc-heading.ultimate-heading-744269f1d3065e211 .uvc-sub-heading '  data-responsive-json-new='{\"font-size\":\"\",\"line-height\":\"\"}'  style=\"font-weight:normal;margin-bottom:40px;\"><\/p>\n<h1 style=\"text-align: center; font-size: 42px !important; line-height: 1.4;\">Trattamenti curativi per preservare la salute di un dente e dei canali radicolari<\/h1>\n<p><\/div><\/div>[vc_column_text el_class=&#8221;gillsans&#8221; css=&#8221;.vc_custom_1582722212673{padding-top: 10px !important;}&#8221;]<\/p>\n<p style=\"text-align: center;\">L\u2019odontoiatria conservativa \u00e8 orientata verso la riparazione, il trattamento dei denti e dei canali della radice (endodonzia) e la restaurazione estetica. L\u2019obiettivo finale della conservativa \u00e8 di ottenere denti sani e funzionali, per un sorriso bellissimo.<\/p>\n<p>[\/vc_column_text][\/vc_column][vc_column width=&#8221;1\/6&#8243;][\/vc_column][\/vc_row][vc_row full_width=&#8221;stretch_row_content&#8221; css=&#8221;.vc_custom_1582800458825{margin-top: 0px !important;margin-left: 0px !important;border-top-width: 0px !important;border-left-width: 0px !important;padding-top: 0px !important;padding-left: 0px !important;}&#8221;][vc_column css=&#8221;.vc_custom_1582723170693{margin-top: 0px !important;margin-left: 0px !important;border-top-width: 0px !important;border-left-width: 0px !important;padding-top: 0px !important;padding-left: 0px !important;}&#8221;][vc_single_image image=&#8221;2612&#8243; img_size=&#8221;full&#8221; css=&#8221;.vc_custom_1582723626731{margin-top: 0px !important;margin-left: 0px !important;border-top-width: 0px !important;border-left-width: 0px !important;padding-top: 0px !important;padding-left: 0px !important;}&#8221;]<div class=\"ult-spacer spacer-69f1d3065e243\" data-id=\"69f1d3065e243\" data-height=\"0\" data-height-mobile=\"40\" data-height-tab=\"0\" data-height-tab-portrait=\"0\" data-height-mobile-landscape=\"40\" style=\"clear:both;display:block;\"><\/div>[\/vc_column][\/vc_row][vc_row css=&#8221;.vc_custom_1582724029055{margin-top: 0px !important;margin-bottom: 0px !important;border-top-width: 0px !important;border-bottom-width: 0px !important;padding-top: 0px !important;padding-bottom: 0px !important;}&#8221;][vc_column css=&#8221;.vc_custom_1582724036859{margin-top: 0px !important;margin-bottom: 0px !important;border-top-width: 0px !important;border-bottom-width: 0px !important;padding-top: 0px !important;padding-bottom: 0px !important;}&#8221;]<div class=\"ult-spacer spacer-69f1d3065e25f\" data-id=\"69f1d3065e25f\" data-height=\"0\" data-height-mobile=\"0\" data-height-tab=\"0\" data-height-tab-portrait=\"0\" data-height-mobile-landscape=\"40\" style=\"clear:both;display:block;\"><\/div>[\/vc_column][\/vc_row][vc_row bg_type=&#8221;bg_color&#8221; bg_override=&#8221;full&#8221; css=&#8221;.vc_custom_1582723281053{background-position: center !important;background-repeat: no-repeat !important;background-size: cover !important;}&#8221; bg_color_value=&#8221;#b49f72&#8243;][vc_column][vc_empty_space height=&#8221;1px&#8221;][\/vc_column][\/vc_row][vc_row gap=&#8221;30&#8243; equal_height=&#8221;yes&#8221;][vc_column width=&#8221;1\/12&#8243;][\/vc_column][vc_column width=&#8221;5\/6&#8243;]<div class=\"ult-spacer spacer-69f1d3065e27a\" data-id=\"69f1d3065e27a\" data-height=\"60\" data-height-mobile=\"0\" data-height-tab=\"60\" data-height-tab-portrait=\"40\" data-height-mobile-landscape=\"0\" style=\"clear:both;display:block;\"><\/div><div id=\"ultimate-heading-570069f1d3065e295\" class=\"uvc-heading ult-adjust-bottom-margin ultimate-heading-570069f1d3065e295 uvc-1766 naslov-lato uvc-heading-default-font-sizes\" data-hspacer=\"no_spacer\"  data-halign=\"center\" style=\"text-align:center\"><div class=\"uvc-heading-spacer no_spacer\" style=\"top\"><\/div><div class=\"uvc-main-heading ult-responsive\"  data-ultimate-target='.uvc-heading.ultimate-heading-570069f1d3065e295 h1'  data-responsive-json-new='{\"font-size\":\"\",\"line-height\":\"\"}' ><h1 style=\"--font-weight:theme;margin-bottom:40px;\">Carie dentaria<\/h1><\/div><\/div>[vc_column_text el_class=&#8221;gillsans&#8221; css=&#8221;.vc_custom_1582722797021{padding-top: 10px !important;}&#8221;]<\/p>\n<p style=\"text-align: center;\">L\u2019intervento pi\u00f9 comune nella conservativa \u00e8 il trattamento della carie dentaria. La carie si \u00e8 rivelata come la patologia pi\u00f9 diffusa a livello mondiale.<\/p>\n<p>[\/vc_column_text][vc_column_text css=&#8221;.vc_custom_1582723203701{padding-top: 10px !important;}&#8221;]<\/p>\n<h4 style=\"text-align: center;\">Il trattamento<\/h4>\n<p>[\/vc_column_text][vc_column_text el_class=&#8221;gillsans&#8221; css=&#8221;.vc_custom_1582722327390{padding-top: 10px !important;}&#8221;]<\/p>\n<p style=\"text-align: center;\">Dopo l\u2019asportazione della carie, le parti residue del dente sono riempite al fine di mantenere la vitalit\u00e0 e il funzionamento del dente. Le otturazioni possono variare da quelle classiche a otturazioni in ceramica, che \u00e8 la soluzione pi\u00f9 durevole, resistente ed esteticamente pi\u00f9 gradita.<\/p>\n<p>[\/vc_column_text][\/vc_column][vc_column width=&#8221;1\/12&#8243;][\/vc_column][\/vc_row][vc_row full_width=&#8221;stretch_row&#8221; gap=&#8221;20&#8243; equal_height=&#8221;yes&#8221; css=&#8221;.vc_custom_1588011747503{margin-top: 0px !important;margin-bottom: 0px !important;border-top-width: 0px !important;border-bottom-width: 0px !important;padding-top: 0px !important;padding-bottom: 0px !important;}&#8221;][vc_column css=&#8221;.vc_custom_1582723673334{margin-top: 0px !important;margin-right: 0px !important;margin-bottom: 0px !important;margin-left: 0px !important;border-top-width: 0px !important;border-right-width: 0px !important;border-bottom-width: 0px !important;border-left-width: 0px !important;padding-top: 0px !important;padding-right: 0px !important;padding-bottom: 0px !important;padding-left: 0px !important;}&#8221;][vc_single_image image=&#8221;2614&#8243; img_size=&#8221;full&#8221; alignment=&#8221;center&#8221; css=&#8221;.vc_custom_1588176340981{margin-bottom: 0px !important;border-bottom-width: 0px !important;padding-bottom: 0px !important;}&#8221;][\/vc_column][\/vc_row][vc_row][vc_column][vc_empty_space height=&#8221;50px&#8221;][\/vc_column][\/vc_row][vc_row bg_type=&#8221;bg_color&#8221; bg_override=&#8221;full&#8221; css=&#8221;.vc_custom_1582722981953{background-position: center !important;background-repeat: no-repeat !important;background-size: cover !important;}&#8221; bg_color_value=&#8221;#b7c6c8&#8243;][vc_column][vc_empty_space height=&#8221;1px&#8221;][\/vc_column][\/vc_row][vc_row gap=&#8221;30&#8243; equal_height=&#8221;yes&#8221;][vc_column width=&#8221;1\/12&#8243;][\/vc_column][vc_column width=&#8221;5\/6&#8243;]<div class=\"ult-spacer spacer-69f1d3065e2bc\" data-id=\"69f1d3065e2bc\" data-height=\"60\" data-height-mobile=\"0\" data-height-tab=\"60\" data-height-tab-portrait=\"40\" data-height-mobile-landscape=\"0\" style=\"clear:both;display:block;\"><\/div><div id=\"ultimate-heading-223169f1d3065e2d5\" class=\"uvc-heading ult-adjust-bottom-margin ultimate-heading-223169f1d3065e2d5 uvc-730 naslov-lato uvc-heading-default-font-sizes\" data-hspacer=\"no_spacer\"  data-halign=\"center\" style=\"text-align:center\"><div class=\"uvc-heading-spacer no_spacer\" style=\"top\"><\/div><div class=\"uvc-main-heading ult-responsive\"  data-ultimate-target='.uvc-heading.ultimate-heading-223169f1d3065e2d5 h1'  data-responsive-json-new='{\"font-size\":\"\",\"line-height\":\"\"}' ><h1 style=\"--font-weight:theme;margin-bottom:40px;\">Endodonzia<\/h1><\/div><\/div>[vc_column_text el_class=&#8221;gillsans&#8221; css=&#8221;.vc_custom_1582722631005{padding-top: 10px !important;}&#8221;]<\/p>\n<p style=\"text-align: center;\">Il trattamento dei canali radicolari \u00e8 un essenziale intervento conservativo.<\/p>\n<p>[\/vc_column_text][vc_column_text css=&#8221;.vc_custom_1582723428894{padding-top: 20px !important;}&#8221;]<\/p>\n<h4 style=\"text-align: center;\">Il trattamento<\/h4>\n<p>[\/vc_column_text][vc_column_text el_class=&#8221;gillsans&#8221; css=&#8221;.vc_custom_1582722859855{padding-top: 10px !important;}&#8221;]<\/p>\n<p style=\"text-align: center;\">Dopo aver pulito il canale dentale viene quindi riempito con la struttura della radice mantenuta. Le procedure endodontiche sono completamente indolori ed eseguite utilizzando l\u2019anestesia locale.<\/p>\n<p>&nbsp;<\/p>\n<p style=\"text-align: center;\">Dopo un trattamento endodontico fatto bene, il dente potr\u00e0 svolgere la sua funzione ancora per anni e successivamente anche essere utilizzato come supporto per ponti o corone.<\/p>\n<p>[\/vc_column_text]<div class=\"ult-spacer spacer-69f1d3065e2f9\" data-id=\"69f1d3065e2f9\" data-height=\"20\" data-height-mobile=\"0\" data-height-tab=\"20\" data-height-tab-portrait=\"20\" data-height-mobile-landscape=\"0\" style=\"clear:both;display:block;\"><\/div>[\/vc_column][vc_column width=&#8221;1\/12&#8243;][\/vc_column][\/vc_row][vc_row full_width=&#8221;stretch_row&#8221; equal_height=&#8221;yes&#8221; css=&#8221;.vc_custom_1582800548977{margin-top: 0px !important;margin-bottom: 0px !important;border-top-width: 0px !important;border-bottom-width: 0px !important;padding-top: 0px !important;padding-bottom: 40px !important;}&#8221;][vc_column width=&#8221;1\/4&#8243; css=&#8221;.vc_custom_1581341412817{margin-top: 0px !important;margin-right: 0px !important;margin-bottom: 0px !important;margin-left: 0px !important;border-top-width: 0px !important;border-right-width: 0px !important;border-bottom-width: 0px !important;border-left-width: 0px !important;padding-top: 0px !important;padding-right: 0px !important;padding-bottom: 0px !important;padding-left: 0px !important;}&#8221; offset=&#8221;vc_col-xs-6&#8243;][vc_single_image image=&#8221;3031&#8243; img_size=&#8221;344&#215;344&#8243; alignment=&#8221;center&#8221; css=&#8221;.vc_custom_1588011613110{margin-bottom: 0px !important;border-bottom-width: 0px !important;padding-bottom: 0px !important;}&#8221;][\/vc_column][vc_column width=&#8221;1\/4&#8243; css=&#8221;.vc_custom_1581341421806{margin-top: 0px !important;margin-right: 0px !important;margin-bottom: 0px !important;margin-left: 0px !important;border-top-width: 0px !important;border-right-width: 0px !important;border-bottom-width: 0px !important;border-left-width: 0px !important;padding-top: 0px !important;padding-right: 0px !important;padding-bottom: 0px !important;padding-left: 0px !important;}&#8221; offset=&#8221;vc_col-xs-6&#8243;][vc_single_image image=&#8221;3037&#8243; img_size=&#8221;344&#215;344&#8243; alignment=&#8221;center&#8221; css=&#8221;.vc_custom_1588011620997{margin-bottom: 0px !important;border-bottom-width: 0px !important;padding-bottom: 0px !important;}&#8221;][\/vc_column][vc_column width=&#8221;1\/4&#8243; css=&#8221;.vc_custom_1581341430318{margin-top: 0px !important;margin-right: 0px !important;margin-bottom: 0px !important;margin-left: 0px !important;border-top-width: 0px !important;border-right-width: 0px !important;border-bottom-width: 0px !important;border-left-width: 0px !important;padding-top: 0px !important;padding-right: 0px !important;padding-bottom: 0px !important;padding-left: 0px !important;}&#8221; offset=&#8221;vc_col-xs-6&#8243;][vc_single_image image=&#8221;3033&#8243; img_size=&#8221;344&#215;344&#8243; alignment=&#8221;center&#8221; css=&#8221;.vc_custom_1588011627853{margin-bottom: 0px !important;border-bottom-width: 0px !important;padding-bottom: 0px !important;}&#8221;][\/vc_column][vc_column width=&#8221;1\/4&#8243; offset=&#8221;vc_col-xs-6&#8243; css=&#8221;.vc_custom_1581512160303{margin-top: 0px !important;margin-right: 0px !important;margin-bottom: 0px !important;margin-left: 0px !important;border-top-width: 0px !important;border-right-width: 0px !important;border-bottom-width: 0px !important;border-left-width: 0px !important;padding-top: 0px !important;padding-right: 0px !important;padding-bottom: 0px !important;padding-left: 0px !important;}&#8221;][vc_single_image image=&#8221;3035&#8243; img_size=&#8221;344&#215;344&#8243; alignment=&#8221;center&#8221; css=&#8221;.vc_custom_1588011647389{margin-bottom: 0px !important;border-bottom-width: 0px !important;padding-bottom: 0px !important;}&#8221;][\/vc_column][\/vc_row][vc_row][vc_column][vc_empty_space height=&#8221;50px&#8221;][\/vc_column][\/vc_row][vc_row bg_type=&#8221;bg_color&#8221; bg_override=&#8221;full&#8221; css=&#8221;.vc_custom_1582800746607{background-position: center !important;background-repeat: no-repeat !important;background-size: cover !important;}&#8221; bg_color_value=&#8221;#b7c6c8&#8243;][vc_column][vc_empty_space height=&#8221;1px&#8221;][\/vc_column][\/vc_row][vc_row gap=&#8221;30&#8243; equal_height=&#8221;yes&#8221;][vc_column width=&#8221;1\/12&#8243;][\/vc_column][vc_column width=&#8221;5\/6&#8243;]<div class=\"ult-spacer spacer-69f1d3065e30c\" data-id=\"69f1d3065e30c\" data-height=\"60\" data-height-mobile=\"0\" data-height-tab=\"60\" data-height-tab-portrait=\"40\" data-height-mobile-landscape=\"0\" style=\"clear:both;display:block;\"><\/div><div id=\"ultimate-heading-600569f1d3065e323\" class=\"uvc-heading ult-adjust-bottom-margin ultimate-heading-600569f1d3065e323 uvc-8341 naslov-lato uvc-heading-default-font-sizes\" data-hspacer=\"no_spacer\"  data-halign=\"center\" style=\"text-align:center\"><div class=\"uvc-heading-spacer no_spacer\" style=\"top\"><\/div><div class=\"uvc-main-heading ult-responsive\"  data-ultimate-target='.uvc-heading.ultimate-heading-600569f1d3065e323 h1'  data-responsive-json-new='{\"font-size\":\"\",\"line-height\":\"\"}' ><h1 style=\"--font-weight:theme;margin-bottom:40px;\">Tecnologia &amp; materiali avanzati<\/h1><\/div><\/div>[vc_column_text el_class=&#8221;gillsans&#8221; css=&#8221;.vc_custom_1582722702870{padding-top: 10px !important;}&#8221;]<\/p>\n<p style=\"text-align: center;\">Il nostro laboratorio utilizza ceramiche ibride di alta qualit\u00e0, che si formano utilizzando la tecnologia CAD \/ CAM per sostituire perfettamente il difetto del dente (inlay, inlay, overlay).<\/p>\n<p>[\/vc_column_text]<div class=\"ult-spacer spacer-69f1d3065e33c\" data-id=\"69f1d3065e33c\" data-height=\"60\" data-height-mobile=\"0\" data-height-tab=\"60\" data-height-tab-portrait=\"40\" data-height-mobile-landscape=\"0\" style=\"clear:both;display:block;\"><\/div>[\/vc_column][vc_column width=&#8221;1\/12&#8243;][\/vc_column][\/vc_row][vc_row bg_type=&#8221;bg_color&#8221; bg_override=&#8221;full&#8221; css=&#8221;.vc_custom_1582800589377{padding-top: 70px !important;padding-bottom: 60px !important;background-position: center !important;background-repeat: no-repeat !important;background-size: cover !important;}&#8221; bg_color_value=&#8221;#b3c7c8&#8243;][vc_column width=&#8221;1\/12&#8243; css=&#8221;.vc_custom_1580399402360{margin-top: 0px !important;margin-bottom: -15px !important;border-top-width: 0px !important;border-bottom-width: 0px !important;padding-top: 20px !important;padding-bottom: 0px !important;}&#8221;][\/vc_column][vc_column width=&#8221;5\/6&#8243;][vc_column_text]<\/p>\n<h4 style=\"text-align: center;\"><span style=\"color: #ffffff;\">Per saperne di pi\u00f9 sui trattamenti e benefici delle terapie conservative, prenota l&#8217;appuntamento e parla con uno dei nostri specialisti<\/span><\/h4>\n<p>[\/vc_column_text][vc_column_text]<\/p>\n<h1 style=\"text-align: center;\"><span style=\"color: #ffffff;\">+385 51 718 050<\/span><\/h1>\n<p>[\/vc_column_text]<div class=\" ubtn-ctn-center \"><a class=\"ubtn-link ult-adjust-bottom-margin ubtn-center ubtn-custom \" href=\"http:\/\/jelusic.com\/it\/contatti\/\" ><button type=\"button\" id=\"ubtn-2888\"  class=\"ubtn ult-adjust-bottom-margin ult-responsive ubtn-custom ubtn-top-bg  none  ubtn-center   tooltip-69f1d3065e35e\"  data-hover=\"#b3c7c8\" data-border-color=\"#ffffff\" data-bg=\"#b49f72\" data-hover-bg=\"#ffffff\" data-border-hover=\"#b3c7c8\" data-shadow-hover=\"\" data-shadow-click=\"none\" data-shadow=\"\" data-shd-shadow=\"\"  data-ultimate-target='#ubtn-2888'  data-responsive-json-new='{\"font-size\":\"desktop:18px;\",\"line-height\":\"desktop:30px;\"}'  style=\"font-weight:normal;width:px;min-height:px;padding:10px 22px;border-radius:0px;border-width:2px;border-color:#ffffff;border-style:solid;background: #b49f72;color: #ffffff;\"><span class=\"ubtn-hover\" style=\"background-color:#ffffff\"><\/span><span class=\"ubtn-data ubtn-text \" >FISSATE L\u2019APPUNTAMENTO<\/span><\/button><\/a><\/div>[\/vc_column][vc_column width=&#8221;1\/12&#8243;][\/vc_column][\/vc_row]<\/p>\n","protected":false},"excerpt":{"rendered":"<p>[vc_row bg_type=&#8221;bg_color&#8221; bg_override=&#8221;full&#8221; css=&#8221;.vc_custom_1582191276481{background-position: center !important;background-repeat: no-repeat !important;background-size: cover !important;}&#8221; bg_color_value=&#8221;#b7c6c8&#8243;][vc_column][vc_empty_space height=&#8221;1px&#8221;][\/vc_column][\/vc_row][vc_row gap=&#8221;30&#8243; equal_height=&#8221;yes&#8221; css=&#8221;.vc_custom_1582800437097{margin-bottom: 0px !important;border-bottom-width: 0px !important;padding-bottom: 0px !important;}&#8221;][vc_column width=&#8221;1\/6&#8243;][\/vc_column][vc_column width=&#8221;2\/3&#8243;][vc_column_text el_class=&#8221;gillsans&#8221; css=&#8221;.vc_custom_1582722212673{padding-top: 10px !important;}&#8221;] L\u2019odontoiatria conservativa \u00e8 orientata verso la riparazione, il trattamento dei denti e dei canali della radice (endodonzia) e la restaurazione estetica. L\u2019obiettivo finale della conservativa \u00e8 di ottenere&hellip;<\/p>\n","protected":false},"author":1,"featured_media":0,"parent":0,"menu_order":0,"comment_status":"closed","ping_status":"closed","template":"","meta":[],"_links":{"self":[{"href":"https:\/\/jelusic.com\/it\/wp-json\/wp\/v2\/pages\/2608"}],"collection":[{"href":"https:\/\/jelusic.com\/it\/wp-json\/wp\/v2\/pages"}],"about":[{"href":"https:\/\/jelusic.com\/it\/wp-json\/wp\/v2\/types\/page"}],"author":[{"embeddable":true,"href":"https:\/\/jelusic.com\/it\/wp-json\/wp\/v2\/users\/1"}],"replies":[{"embeddable":true,"href":"https:\/\/jelusic.com\/it\/wp-json\/wp\/v2\/comments?post=2608"}],"version-history":[{"count":5,"href":"https:\/\/jelusic.com\/it\/wp-json\/wp\/v2\/pages\/2608\/revisions"}],"predecessor-version":[{"id":4821,"href":"https:\/\/jelusic.com\/it\/wp-json\/wp\/v2\/pages\/2608\/revisions\/4821"}],"wp:attachment":[{"href":"https:\/\/jelusic.com\/it\/wp-json\/wp\/v2\/media?parent=2608"}],"curies":[{"name":"wp","href":"https:\/\/api.w.org\/{rel}","templated":true}]}}