{"id":2618,"date":"2020-05-05T09:26:33","date_gmt":"2020-05-05T09:26:33","guid":{"rendered":"http:\/\/jelusic.webpoint.com.hr\/dr-damir-jelusic\/"},"modified":"2020-05-28T10:08:13","modified_gmt":"2020-05-28T10:08:13","slug":"dr-damir-jelusic","status":"publish","type":"page","link":"https:\/\/jelusic.com\/it\/dr-damir-jelusic\/","title":{"rendered":"Dr Damir Jelusic"},"content":{"rendered":"<p>[vc_row bg_type=&#8221;bg_color&#8221; bg_override=&#8221;full&#8221; css=&#8221;.vc_custom_1582191276481{background-position: center !important;background-repeat: no-repeat !important;background-size: cover !important;}&#8221; bg_color_value=&#8221;#b7c6c8&#8243;][vc_column][vc_empty_space height=&#8221;1px&#8221;][\/vc_column][\/vc_row][vc_row equal_height=&#8221;yes&#8221;][vc_column width=&#8221;1\/6&#8243;][\/vc_column][vc_column width=&#8221;2\/3&#8243;]<div class=\"ult-spacer spacer-69d5341812c7b\" data-id=\"69d5341812c7b\" data-height=\"40\" data-height-mobile=\"20\" data-height-tab=\"40\" data-height-tab-portrait=\"20\" data-height-mobile-landscape=\"20\" style=\"clear:both;display:block;\"><\/div><div id=\"ultimate-heading-236269d5341812cb9\" class=\"uvc-heading ult-adjust-bottom-margin ultimate-heading-236269d5341812cb9 uvc-8544 naslov-lato uvc-heading-default-font-sizes\" data-hspacer=\"no_spacer\"  data-halign=\"center\" style=\"text-align:center\"><div class=\"uvc-heading-spacer no_spacer\" style=\"top\"><\/div><div class=\"uvc-main-heading ult-responsive\"  data-ultimate-target='.uvc-heading.ultimate-heading-236269d5341812cb9 h3'  data-responsive-json-new='{\"font-size\":\"\",\"line-height\":\"\"}' ><h3 style=\"--font-weight:theme;margin-bottom:45px;\">Che cosa rende un sorriso perfetto?<\/h3><\/div><\/div>[vc_column_text el_class=&#8221;gillsans&#8221; css=&#8221;.vc_custom_1583861428012{padding-bottom: 5px !important;}&#8221;]<\/p>\n<h4 style=\"text-align: center;\">Questa \u00e8 una domanda interessante&#8230;<\/h4>\n<p>[\/vc_column_text][vc_column_text el_class=&#8221;gillsans&#8221;]<\/p>\n<p style=\"text-align: center;\">Secondo me lo \u00e8 la coscienza dei desideri e bisogni del paziente, come anche il suo stile di vita&#8230;\u00a0Utilizzando la nostra competenza odontoiatrica olistica, possiamo aiutare a sviluppare il loro autostima e felicit\u00e0. Ho creato l\u2019Istituto nel 2000 con lo scopo di unire il miglior trattamento, la diagnostica, il laboratorio e, soprattutto, l\u2019assistenza postoperatoria in un posto unico.<\/p>\n<p>&nbsp;<\/p>\n<p style=\"text-align: center;\"><strong><em>&#8216;Trattamenti perfetti rendono un sorriso perfetto.&#8217;<\/em><\/strong><\/p>\n<p>[\/vc_column_text]<div id=\"ultimate-heading-565369d5341812ced\" class=\"uvc-heading ult-adjust-bottom-margin ultimate-heading-565369d5341812ced uvc-2333 naslov-lato uvc-heading-default-font-sizes\" data-hspacer=\"no_spacer\"  data-halign=\"center\" style=\"text-align:center\"><div class=\"uvc-heading-spacer no_spacer\" style=\"top\"><\/div><div class=\"uvc-main-heading ult-responsive\"  data-ultimate-target='.uvc-heading.ultimate-heading-565369d5341812ced h3'  data-responsive-json-new='{\"font-size\":\"\",\"line-height\":\"\"}' ><h3 style=\"--font-weight:theme;margin-bottom:50px;\">Damir Jelusic<\/h3><\/div><\/div><div class=\" ubtn-ctn-center \"><button type=\"button\" id=\"ubtn-8204\"  class=\"ubtn ult-adjust-bottom-margin ult-responsive ubtn-custom ubtn-top-bg  none  ubtn-center   tooltip-69d5341812d2c\"  data-hover=\"#b3c7c8\" data-border-color=\"#ffffff\" data-bg=\"#b49f72\" data-hover-bg=\"#ffffff\" data-border-hover=\"#b3c7c8\" data-shadow-hover=\"\" data-shadow-click=\"none\" data-shadow=\"\" data-shd-shadow=\"\"  data-ultimate-target='#ubtn-8204'  data-responsive-json-new='{\"font-size\":\"desktop:16px;\",\"line-height\":\"desktop:30px;\"}'  style=\"font-weight:normal;width:px;min-height:px;padding:11px 30px;border-radius:0px;border-width:2px;border-color:#ffffff;border-style:solid;background: #b49f72;color: #ffffff;\"><span class=\"ubtn-hover\" style=\"background-color:#ffffff\"><\/span><span class=\"ubtn-data ubtn-text \" >THE JOURNAL<\/span><\/button><\/div><div class=\"ult-spacer spacer-69d5341812d78\" data-id=\"69d5341812d78\" data-height=\"50\" data-height-mobile=\"30\" data-height-tab=\"50\" data-height-tab-portrait=\"30\" data-height-mobile-landscape=\"30\" style=\"clear:both;display:block;\"><\/div>[\/vc_column][vc_column width=&#8221;1\/6&#8243;][\/vc_column][\/vc_row][vc_row bg_type=&#8221;image&#8221; parallax_style=&#8221;vcpb-default&#8221; bg_image_new=&#8221;id^2252|url^http:\/\/jelusic.com\/wp-content\/uploads\/2020\/03\/institute-dentalna-jelusic-1.jpg|caption^null|alt^institute-dentalna-jelusic|title^institute-dentalna-jelusic|description^null&#8221; bg_image_repeat=&#8221;no-repeat&#8221; bg_image_size=&#8221;initial&#8221; bg_override=&#8221;full&#8221; css=&#8221;.vc_custom_1583857953902{margin-bottom: 0px !important;border-bottom-width: 0px !important;padding-bottom: 0px !important;}&#8221;][vc_column][vc_empty_space height=&#8221;25px&#8221;]<div id=\"ultimate-heading-141969d5341812d97\" class=\"uvc-heading ult-adjust-bottom-margin ultimate-heading-141969d5341812d97 uvc-3964 naslov-lato uvc-heading-default-font-sizes\" data-hspacer=\"no_spacer\"  data-halign=\"center\" style=\"text-align:center\"><div class=\"uvc-heading-spacer no_spacer\" style=\"top\"><\/div><div class=\"uvc-main-heading ult-responsive\"  data-ultimate-target='.uvc-heading.ultimate-heading-141969d5341812d97 h1'  data-responsive-json-new='{\"font-size\":\"\",\"line-height\":\"\"}' ><h1 style=\"--font-weight:theme;margin-bottom:40px;\">\u2018Anatomia del sorriso\u2019<\/h1><\/div><\/div>[vc_empty_space height=&#8221;190px&#8221;][vc_column_text]\n\t<div class=\"wp-video-popup-wrapper\">\n\t\t<div class=\"wp-video-popup-close\"><\/div>\n\t\t<iframe class=\"wp-video-popup-video is-hosted is-landscape is-resizable\" src=\"\" data-wp-video-popup-url=\"https:\/\/youtube.com\/embed\/8bnBvyLki00?autoplay=1&#038;rel=0\" frameborder=\"0\" webkitallowfullscreen mozallowfullscreen allowfullscreen allow=\"autoplay\">\n\t\t<\/iframe>\n\t<\/div>\n\t[\/vc_column_text]<div id=\"ultimate-heading-35269d5341812f4a\" class=\"uvc-heading ult-adjust-bottom-margin ultimate-heading-35269d5341812f4a uvc-6278 wp-video-popup uvc-heading-default-font-sizes\" data-hspacer=\"icon_only\"  data-halign=\"center\" style=\"text-align:center\"><div class=\"uvc-heading-spacer icon_only\" style=\"margin-bottom:30px;\"><div class=\"ult-just-icon-wrapper  \"><div class=\"align-icon\" style=\"text-align:center;\">\n<div class=\"aio-icon none \"  style=\"color:#b49f72;font-size:70px;display:inline-block;\">\n\t<i class=\"Defaults-play\"><\/i>\n<\/div><\/div><\/div><\/div><div class=\"uvc-sub-heading ult-responsive\"  data-ultimate-target='.uvc-heading.ultimate-heading-35269d5341812f4a .uvc-sub-heading '  data-responsive-json-new='{\"font-size\":\"\",\"line-height\":\"\"}'  style=\"font-weight:normal;\">GUARDA L\u2019INTERVISTA<\/div><\/div>[vc_empty_space height=&#8221;215px&#8221;][\/vc_column][\/vc_row][vc_row bg_type=&#8221;bg_color&#8221; bg_override=&#8221;full&#8221; css=&#8221;.vc_custom_1583857869287{margin-top: 0px !important;margin-bottom: 0px !important;border-top-width: 0px !important;border-bottom-width: 0px !important;padding-top: 0px !important;padding-bottom: 0px !important;background-position: center !important;background-repeat: no-repeat !important;background-size: cover !important;}&#8221; bg_color_value=&#8221;#b49f72&#8243;][vc_column][vc_empty_space height=&#8221;1px&#8221;][\/vc_column][\/vc_row][vc_row full_width=&#8221;stretch_row_content&#8221; equal_height=&#8221;yes&#8221; css=&#8221;.vc_custom_1583858909949{margin-top: 0px !important;margin-bottom: 0px !important;border-top-width: 0px !important;border-bottom-width: 0px !important;padding-top: 0px !important;padding-bottom: 0px !important;}&#8221;][vc_column width=&#8221;1\/4&#8243; css=&#8221;.vc_custom_1581341412817{margin-top: 0px !important;margin-right: 0px !important;margin-bottom: 0px !important;margin-left: 0px !important;border-top-width: 0px !important;border-right-width: 0px !important;border-bottom-width: 0px !important;border-left-width: 0px !important;padding-top: 0px !important;padding-right: 0px !important;padding-bottom: 0px !important;padding-left: 0px !important;}&#8221; offset=&#8221;vc_col-xs-6&#8243;][vc_single_image image=&#8221;2642&#8243; img_size=&#8221;600&#215;400&#8243; alignment=&#8221;center&#8221; css=&#8221;.vc_custom_1583861071708{margin-bottom: 0px !important;border-bottom-width: 0px !important;padding-bottom: 0px !important;}&#8221;][\/vc_column][vc_column width=&#8221;1\/4&#8243; css=&#8221;.vc_custom_1581341421806{margin-top: 0px !important;margin-right: 0px !important;margin-bottom: 0px !important;margin-left: 0px !important;border-top-width: 0px !important;border-right-width: 0px !important;border-bottom-width: 0px !important;border-left-width: 0px !important;padding-top: 0px !important;padding-right: 0px !important;padding-bottom: 0px !important;padding-left: 0px !important;}&#8221; offset=&#8221;vc_col-xs-6&#8243;][vc_single_image image=&#8221;2640&#8243; img_size=&#8221;600&#215;400&#8243; alignment=&#8221;center&#8221; css=&#8221;.vc_custom_1583861077625{margin-bottom: 0px !important;border-bottom-width: 0px !important;padding-bottom: 0px !important;}&#8221;][\/vc_column][vc_column width=&#8221;1\/4&#8243; css=&#8221;.vc_custom_1581341430318{margin-top: 0px !important;margin-right: 0px !important;margin-bottom: 0px !important;margin-left: 0px !important;border-top-width: 0px !important;border-right-width: 0px !important;border-bottom-width: 0px !important;border-left-width: 0px !important;padding-top: 0px !important;padding-right: 0px !important;padding-bottom: 0px !important;padding-left: 0px !important;}&#8221; offset=&#8221;vc_col-xs-6&#8243;][vc_single_image image=&#8221;2632&#8243; img_size=&#8221;600&#215;400&#8243; alignment=&#8221;center&#8221; css=&#8221;.vc_custom_1583861085962{margin-bottom: 0px !important;border-bottom-width: 0px !important;padding-bottom: 0px !important;}&#8221;][\/vc_column][vc_column width=&#8221;1\/4&#8243; offset=&#8221;vc_col-xs-6&#8243; css=&#8221;.vc_custom_1581512160303{margin-top: 0px !important;margin-right: 0px !important;margin-bottom: 0px !important;margin-left: 0px !important;border-top-width: 0px !important;border-right-width: 0px !important;border-bottom-width: 0px !important;border-left-width: 0px !important;padding-top: 0px !important;padding-right: 0px !important;padding-bottom: 0px !important;padding-left: 0px !important;}&#8221;][vc_single_image image=&#8221;2638&#8243; img_size=&#8221;600&#215;400&#8243; alignment=&#8221;center&#8221; css=&#8221;.vc_custom_1583861091024{margin-bottom: 0px !important;border-bottom-width: 0px !important;padding-bottom: 0px !important;}&#8221;][\/vc_column][\/vc_row][vc_row equal_height=&#8221;yes&#8221;][vc_column width=&#8221;1\/6&#8243; offset=&#8221;vc_hidden-xs&#8221;][\/vc_column][vc_column width=&#8221;2\/3&#8243;]<div class=\"ult-spacer spacer-69d5341812f7a\" data-id=\"69d5341812f7a\" data-height=\"60\" data-height-mobile=\"60\" data-height-tab=\"60\" data-height-tab-portrait=\"60\" data-height-mobile-landscape=\"60\" style=\"clear:both;display:block;\"><\/div><div id=\"ultimate-heading-41369d5341812f9a\" class=\"uvc-heading ult-adjust-bottom-margin ultimate-heading-41369d5341812f9a uvc-1920 naslov-lato uvc-heading-default-font-sizes\" data-hspacer=\"no_spacer\"  data-halign=\"center\" style=\"text-align:center\"><div class=\"uvc-heading-spacer no_spacer\" style=\"top\"><\/div><div class=\"uvc-main-heading ult-responsive\"  data-ultimate-target='.uvc-heading.ultimate-heading-41369d5341812f9a h1'  data-responsive-json-new='{\"font-size\":\"\",\"line-height\":\"\"}' ><h1 style=\"--font-weight:theme;margin-bottom:20px;\">Dr. Damir Jelu\u0161i\u0107<\/h1><\/div><div class=\"uvc-sub-heading ult-responsive\"  data-ultimate-target='.uvc-heading.ultimate-heading-41369d5341812f9a .uvc-sub-heading '  data-responsive-json-new='{\"font-size\":\"\",\"line-height\":\"\"}'  style=\"font-weight:normal;margin-bottom:50px;\">Specialista in parodontologia<\/div><\/div>[vc_column_text el_class=&#8221;gillsans&#8221; css=&#8221;.vc_custom_1583861434570{padding-bottom: 5px !important;}&#8221;]<\/p>\n<h4 style=\"text-align: center;\">FONDATORE DELL\u2019ISTITUTO DENTALNA JELUSIC<\/h4>\n<p>[\/vc_column_text][vc_column_text el_class=&#8221;gillsans&#8221;]<\/p>\n<p style=\"text-align: center;\">Dott. Damir Jelu\u0161i\u0107 (DMD, PhD) \u00e8 uno dei maggiori esperti croati ed europei in implantologia dentale. Essendo un&#8217; autorita competente nel campo dell&#8217;implantologia dentale, ha tenuto numerose conferenze presso universit\u00e0 nazionali e internazionali.<\/p>\n<p>[\/vc_column_text]<div class=\"ult-spacer spacer-69d5341812fc5\" data-id=\"69d5341812fc5\" data-height=\"15\" data-height-mobile=\"0\" data-height-tab=\"15\" data-height-tab-portrait=\"15\" data-height-mobile-landscape=\"0\" style=\"clear:both;display:block;\"><\/div>[\/vc_column][vc_column width=&#8221;1\/6&#8243;][\/vc_column][\/vc_row][vc_row equal_height=&#8221;yes&#8221;][vc_column offset=&#8221;vc_hidden-xs&#8221;][vc_row_inner gap=&#8221;20&#8243;][vc_column_inner css=&#8221;.vc_custom_1587558829718{padding-bottom: 0px !important;}&#8221;][vc_column_text el_class=&#8221;gillsans&#8221; css=&#8221;.vc_custom_1587558536904{padding-bottom: 5px !important;}&#8221;]<\/p>\n<h4 style=\"text-align: center;\">IL DOTT. JELU\u0160I\u0106<\/h4>\n<p>[\/vc_column_text][\/vc_column_inner][\/vc_row_inner][vc_row_inner][vc_column_inner width=&#8221;1\/3&#8243;][vc_column_text el_class=&#8221;gillsans&#8221;]Dott. Jelu\u0161i\u0107 \u00e8 membro di numerose associazioni e istituzioni mediche internazionali tra cui l\u2019Associazione Europea di Osseointegrazione (EAO), il Congresso Internazionale di Implantologia Orale (ICOI) e la Societ\u00e0 Croata di Implantologia Dentale (HDDI). Negli ultimi 15 anni il dott. Jelu\u0161i\u0107 ha partecipato in numerosi convegni di specializzazione professionale nel campo dell\u2019implantologia dentale.[\/vc_column_text][\/vc_column_inner][vc_column_inner width=&#8221;1\/3&#8243;][vc_column_text el_class=&#8221;gillsans&#8221;]Ha conseguito una specializzazione in parodontologia e implantologia dentale, un dottorato di ricerca in rigenerazione ossea in implantologia ed \u00e8 uno dei pochi esperti che, insieme alle sue competenze in implantologia, ha approfondito le sue conoscenze professionali completando ulteriori programmi di master di alto livello nel campo delle procedure protesiche minimamente invasive, della chirurgia estetica parodontale e della rigenerazione ossea.[\/vc_column_text][\/vc_column_inner][vc_column_inner width=&#8221;1\/3&#8243;][vc_column_text el_class=&#8221;gillsans&#8221;]Ha inoltre contribuito attivamente a numerosi programmi educativi e conferenze riguardanti l&#8217;implantologia dentale, la riabilitazione protesico-implantare e la rigenerazione ossea. Dott. Jelu\u0161i\u0107 \u00e8 autore di numerose pubblicazioni scientifiche nel campo del\u2019implantologia ed \u00e8 il portavoce di molte associazioni e istituzioni dentistiche.[\/vc_column_text][\/vc_column_inner][\/vc_row_inner]<div class=\"ult-spacer spacer-69d5341812fde\" data-id=\"69d5341812fde\" data-height=\"30\" data-height-mobile=\"30\" data-height-tab=\"30\" data-height-tab-portrait=\"30\" data-height-mobile-landscape=\"30\" style=\"clear:both;display:block;\"><\/div>[\/vc_column][\/vc_row][vc_row equal_height=&#8221;yes&#8221;][vc_column offset=&#8221;vc_hidden-lg vc_hidden-md vc_hidden-sm&#8221;][vc_row_inner gap=&#8221;20&#8243;][vc_column_inner css=&#8221;.vc_custom_1587558829718{padding-bottom: 0px !important;}&#8221;][vc_column_text el_class=&#8221;gillsans&#8221; css=&#8221;.vc_custom_1587558536904{padding-bottom: 5px !important;}&#8221;]<\/p>\n<h4 style=\"text-align: center;\">IL DOTT. JELU\u0160I\u0106<\/h4>\n<p>[\/vc_column_text][\/vc_column_inner][\/vc_row_inner][vc_row_inner][vc_column_inner width=&#8221;1\/3&#8243;][vc_column_text el_class=&#8221;gillsans&#8221;]<\/p>\n<p style=\"text-align: center;\">Dott. Jelu\u0161i\u0107 \u00e8 membro di numerose associazioni e istituzioni mediche internazionali tra cui l\u2019Associazione Europea di Osseointegrazione (EAO), il Congresso Internazionale di Implantologia Orale (ICOI) e la Societ\u00e0 Croata di Implantologia Dentale (HDDI). Negli ultimi 15 anni il dott. Jelu\u0161i\u0107 ha partecipato in numerosi convegni di specializzazione professionale nel campo dell\u2019implantologia dentale.<\/p>\n<p>[\/vc_column_text][\/vc_column_inner][vc_column_inner width=&#8221;1\/3&#8243;][vc_column_text el_class=&#8221;gillsans&#8221;]<\/p>\n<p style=\"text-align: center;\">Ha conseguito una specializzazione in parodontologia e implantologia dentale, un dottorato di ricerca in rigenerazione ossea in implantologia ed \u00e8 uno dei pochi esperti che, insieme alle sue competenze in implantologia, ha approfondito le sue conoscenze professionali completando ulteriori programmi di master di alto livello nel campo delle procedure protesiche minimamente invasive, della chirurgia estetica parodontale e della rigenerazione ossea.<\/p>\n<p>[\/vc_column_text][\/vc_column_inner][vc_column_inner width=&#8221;1\/3&#8243;][vc_column_text el_class=&#8221;gillsans&#8221;]<\/p>\n<p style=\"text-align: center;\">Ha inoltre contribuito attivamente a numerosi programmi educativi e conferenze riguardanti l&#8217;implantologia dentale, la riabilitazione protesico-implantare e la rigenerazione ossea. Dott. Jelu\u0161i\u0107 \u00e8 autore di numerose pubblicazioni scientifiche nel campo del\u2019implantologia ed \u00e8 il portavoce di molte associazioni e istituzioni dentistiche.<\/p>\n<p>[\/vc_column_text][\/vc_column_inner][\/vc_row_inner]<div class=\"ult-spacer spacer-69d5341812ff7\" data-id=\"69d5341812ff7\" data-height=\"30\" data-height-mobile=\"30\" data-height-tab=\"30\" data-height-tab-portrait=\"30\" data-height-mobile-landscape=\"30\" style=\"clear:both;display:block;\"><\/div>[\/vc_column][\/vc_row][vc_row full_width=&#8221;stretch_row_content&#8221; equal_height=&#8221;yes&#8221; css=&#8221;.vc_custom_1582204606847{margin-bottom: 0px !important;border-bottom-width: 0px !important;padding-top: 30px !important;padding-bottom: 0px !important;}&#8221;][vc_column width=&#8221;1\/6&#8243; css=&#8221;.vc_custom_1581341412817{margin-top: 0px !important;margin-right: 0px !important;margin-bottom: 0px !important;margin-left: 0px !important;border-top-width: 0px !important;border-right-width: 0px !important;border-bottom-width: 0px !important;border-left-width: 0px !important;padding-top: 0px !important;padding-right: 0px !important;padding-bottom: 0px !important;padding-left: 0px !important;}&#8221; offset=&#8221;vc_col-xs-6&#8243;][vc_single_image image=&#8221;2624&#8243; img_size=&#8221;320&#215;400&#8243; alignment=&#8221;center&#8221; css=&#8221;.vc_custom_1583861033436{margin-bottom: 0px !important;border-bottom-width: 0px !important;padding-bottom: 0px !important;}&#8221;][\/vc_column][vc_column width=&#8221;1\/6&#8243; css=&#8221;.vc_custom_1581341421806{margin-top: 0px !important;margin-right: 0px !important;margin-bottom: 0px !important;margin-left: 0px !important;border-top-width: 0px !important;border-right-width: 0px !important;border-bottom-width: 0px !important;border-left-width: 0px !important;padding-top: 0px !important;padding-right: 0px !important;padding-bottom: 0px !important;padding-left: 0px !important;}&#8221; offset=&#8221;vc_col-xs-6&#8243;][vc_single_image image=&#8221;2630&#8243; img_size=&#8221;320&#215;400&#8243; alignment=&#8221;center&#8221; css=&#8221;.vc_custom_1583861038806{margin-bottom: 0px !important;border-bottom-width: 0px !important;padding-bottom: 0px !important;}&#8221;][\/vc_column][vc_column width=&#8221;1\/3&#8243; css=&#8221;.vc_custom_1583860976891{margin-top: 0px !important;margin-right: 0px !important;margin-bottom: 0px !important;margin-left: 0px !important;border-top-width: 0px !important;border-right-width: 0px !important;border-bottom-width: 0px !important;border-left-width: 0px !important;padding-top: 0px !important;padding-right: 0px !important;padding-bottom: 0px !important;padding-left: 0px !important;}&#8221; offset=&#8221;vc_hidden-xs&#8221;][vc_single_image image=&#8221;2622&#8243; img_size=&#8221;640&#215;400&#8243; alignment=&#8221;center&#8221; css=&#8221;.vc_custom_1583861050883{margin-top: 0px !important;margin-right: 0px !important;margin-bottom: 0px !important;margin-left: 0px !important;border-top-width: 0px !important;border-right-width: 0px !important;border-bottom-width: 0px !important;border-left-width: 0px !important;padding-top: 0px !important;padding-right: 0px !important;padding-bottom: 0px !important;padding-left: 0px !important;}&#8221;][\/vc_column][vc_column width=&#8221;1\/6&#8243; offset=&#8221;vc_col-xs-6&#8243; css=&#8221;.vc_custom_1583860992248{margin-top: 0px !important;margin-right: 0px !important;margin-bottom: 0px !important;margin-left: 0px !important;border-top-width: 0px !important;border-right-width: 0px !important;border-bottom-width: 0px !important;border-left-width: 0px !important;padding-top: 0px !important;padding-right: 0px !important;padding-bottom: 0px !important;padding-left: 0px !important;}&#8221;][vc_single_image image=&#8221;2628&#8243; img_size=&#8221;320&#215;400&#8243; alignment=&#8221;center&#8221; css=&#8221;.vc_custom_1583861045496{margin-top: 0px !important;margin-right: 0px !important;margin-bottom: 0px !important;margin-left: 0px !important;border-top-width: 0px !important;border-right-width: 0px !important;border-bottom-width: 0px !important;border-left-width: 0px !important;padding-top: 0px !important;padding-right: 0px !important;padding-bottom: 0px !important;padding-left: 0px !important;}&#8221;][\/vc_column][vc_column width=&#8221;1\/6&#8243; css=&#8221;.vc_custom_1583860999425{margin-top: 0px !important;margin-right: 0px !important;margin-bottom: 0px !important;margin-left: 0px !important;border-top-width: 0px !important;border-right-width: 0px !important;border-bottom-width: 0px !important;border-left-width: 0px !important;padding-top: 0px !important;padding-right: 0px !important;padding-bottom: 0px !important;padding-left: 0px !important;}&#8221; offset=&#8221;vc_col-xs-6&#8243;][vc_single_image image=&#8221;2626&#8243; img_size=&#8221;320&#215;400&#8243; alignment=&#8221;center&#8221; css=&#8221;.vc_custom_1583861055911{margin-bottom: 0px !important;border-bottom-width: 0px !important;padding-bottom: 0px !important;}&#8221;][\/vc_column][\/vc_row][vc_row bg_type=&#8221;bg_color&#8221; bg_override=&#8221;full&#8221; css=&#8221;.vc_custom_1583857869287{margin-top: 0px !important;margin-bottom: 0px !important;border-top-width: 0px !important;border-bottom-width: 0px !important;padding-top: 0px !important;padding-bottom: 0px !important;background-position: center !important;background-repeat: no-repeat !important;background-size: cover !important;}&#8221; bg_color_value=&#8221;#b49f72&#8243;][vc_column][vc_empty_space height=&#8221;1px&#8221;][\/vc_column][\/vc_row]<\/p>\n","protected":false},"excerpt":{"rendered":"<p>[vc_row bg_type=&#8221;bg_color&#8221; bg_override=&#8221;full&#8221; css=&#8221;.vc_custom_1582191276481{background-position: center !important;background-repeat: no-repeat !important;background-size: cover !important;}&#8221; bg_color_value=&#8221;#b7c6c8&#8243;][vc_column][vc_empty_space height=&#8221;1px&#8221;][\/vc_column][\/vc_row][vc_row equal_height=&#8221;yes&#8221;][vc_column width=&#8221;1\/6&#8243;][\/vc_column][vc_column width=&#8221;2\/3&#8243;][vc_column_text el_class=&#8221;gillsans&#8221; css=&#8221;.vc_custom_1583861428012{padding-bottom: 5px !important;}&#8221;] Questa \u00e8 una domanda interessante&#8230; [\/vc_column_text][vc_column_text el_class=&#8221;gillsans&#8221;] Secondo me lo \u00e8 la coscienza dei desideri e bisogni del paziente, come anche il suo stile di vita&#8230;\u00a0Utilizzando la nostra competenza odontoiatrica olistica, possiamo aiutare a sviluppare il&hellip;<\/p>\n","protected":false},"author":1,"featured_media":0,"parent":0,"menu_order":0,"comment_status":"closed","ping_status":"closed","template":"","meta":[],"_links":{"self":[{"href":"https:\/\/jelusic.com\/it\/wp-json\/wp\/v2\/pages\/2618"}],"collection":[{"href":"https:\/\/jelusic.com\/it\/wp-json\/wp\/v2\/pages"}],"about":[{"href":"https:\/\/jelusic.com\/it\/wp-json\/wp\/v2\/types\/page"}],"author":[{"embeddable":true,"href":"https:\/\/jelusic.com\/it\/wp-json\/wp\/v2\/users\/1"}],"replies":[{"embeddable":true,"href":"https:\/\/jelusic.com\/it\/wp-json\/wp\/v2\/comments?post=2618"}],"version-history":[{"count":5,"href":"https:\/\/jelusic.com\/it\/wp-json\/wp\/v2\/pages\/2618\/revisions"}],"predecessor-version":[{"id":5225,"href":"https:\/\/jelusic.com\/it\/wp-json\/wp\/v2\/pages\/2618\/revisions\/5225"}],"wp:attachment":[{"href":"https:\/\/jelusic.com\/it\/wp-json\/wp\/v2\/media?parent=2618"}],"curies":[{"name":"wp","href":"https:\/\/api.w.org\/{rel}","templated":true}]}}