{"id":3010,"date":"2020-05-05T15:46:45","date_gmt":"2020-05-05T15:46:45","guid":{"rendered":"http:\/\/jelusic.webpoint.com.hr\/parodontologia\/"},"modified":"2020-05-21T15:58:15","modified_gmt":"2020-05-21T15:58:15","slug":"parodontologia","status":"publish","type":"page","link":"https:\/\/jelusic.com\/it\/parodontologia\/","title":{"rendered":"Parodontologia"},"content":{"rendered":"<p>[vc_row bg_type=&#8221;bg_color&#8221; bg_override=&#8221;full&#8221; css=&#8221;.vc_custom_1582191276481{background-position: center !important;background-repeat: no-repeat !important;background-size: cover !important;}&#8221; bg_color_value=&#8221;#b7c6c8&#8243;][vc_column][vc_empty_space height=&#8221;1px&#8221;][\/vc_column][\/vc_row][vc_row gap=&#8221;30&#8243; equal_height=&#8221;yes&#8221;][vc_column width=&#8221;1\/6&#8243;][\/vc_column][vc_column width=&#8221;2\/3&#8243;]<div class=\"ult-spacer spacer-69d533e35febb\" data-id=\"69d533e35febb\" data-height=\"60\" data-height-mobile=\"0\" data-height-tab=\"60\" data-height-tab-portrait=\"30\" data-height-mobile-landscape=\"0\" style=\"clear:both;display:block;\"><\/div><div id=\"ultimate-heading-64069d533e35fefe\" class=\"uvc-heading ult-adjust-bottom-margin ultimate-heading-64069d533e35fefe uvc-5898 naslov-lato uvc-heading-default-font-sizes\" data-hspacer=\"no_spacer\"  data-halign=\"center\" style=\"text-align:center\"><div class=\"uvc-heading-spacer no_spacer\" style=\"top\"><\/div><div class=\"uvc-main-heading ult-responsive\"  data-ultimate-target='.uvc-heading.ultimate-heading-64069d533e35fefe h1'  data-responsive-json-new='{\"font-size\":\"\",\"line-height\":\"\"}' ><h1 style=\"--font-weight:theme;margin-bottom:40px;\">Odontoiatria olistica per gengive migliorate e una bocca sana<\/h1><\/div><\/div>[vc_column_text el_class=&#8221;gillsans&#8221; css=&#8221;.vc_custom_1582710636350{padding-top: 10px !important;}&#8221;]<\/p>\n<p style=\"text-align: center;\">La conservazione delle gengive si chiama \u201cparodontologia\u201d ed \u00e8 considerata una forma \u201colistica\u201d di odontoiatria. Si occupa della preservazione della salute dei tessuti di sostegno dei denti, il cosiddetto parodonto. La salute delle strutture di sostegno \u00e8 la premessa alla salute dei denti.<\/p>\n<p>&nbsp;<\/p>\n<p style=\"text-align: center;\">I parodontisti hanno una conoscenza specialistica della scienza della bocca, dei denti, della mascella e delle gengive. Hanno anche una conoscenza approfondita dei diversi tipi di malattie che possono manifestare i loro sintomi e dei metodi di trattamento adeguati.<\/p>\n<p>&nbsp;<\/p>\n<p style=\"text-align: center;\">La parodontite \u00e8 un\u2019infiammazione indotta da batteri della struttura portante del dente, che pu\u00f2 diffondersi ad altre parti del corpo umano e rappresentare un fattore di rischio per molte malattie generali.<\/p>\n<p>&nbsp;<\/p>\n<p style=\"text-align: center;\">Il nostro Istituto utilizza le tecniche pi\u00f9 avanzate e le ultime tecnologie odontoiatriche per raggiungere e mantenere una salute ottimale delle gengive.<\/p>\n<p>[\/vc_column_text][\/vc_column][vc_column width=&#8221;1\/6&#8243;][\/vc_column][\/vc_row][vc_row full_width=&#8221;stretch_row_content&#8221; equal_height=&#8221;yes&#8221;][vc_column css=&#8221;.vc_custom_1582710051528{margin-top: 0px !important;margin-right: 0px !important;margin-bottom: 0px !important;margin-left: 0px !important;border-top-width: 0px !important;border-right-width: 0px !important;border-bottom-width: 0px !important;border-left-width: 0px !important;padding-top: 0px !important;padding-right: 0px !important;padding-bottom: 0px !important;padding-left: 0px !important;}&#8221;][vc_single_image image=&#8221;3024&#8243; img_size=&#8221;full&#8221; alignment=&#8221;center&#8221; css=&#8221;.vc_custom_1582710676090{margin-bottom: 0px !important;border-bottom-width: 0px !important;padding-bottom: 0px !important;}&#8221;][\/vc_column][\/vc_row][vc_row gap=&#8221;30&#8243; equal_height=&#8221;yes&#8221;][vc_column width=&#8221;1\/12&#8243;][\/vc_column][vc_column width=&#8221;5\/6&#8243;]<div class=\"ult-spacer spacer-69d533e35ff31\" data-id=\"69d533e35ff31\" data-height=\"70\" data-height-mobile=\"50\" data-height-tab=\"70\" data-height-tab-portrait=\"60\" data-height-mobile-landscape=\"50\" style=\"clear:both;display:block;\"><\/div><div id=\"ultimate-heading-86669d533e35ff4e\" class=\"uvc-heading ult-adjust-bottom-margin ultimate-heading-86669d533e35ff4e uvc-6189 naslov-lato uvc-heading-default-font-sizes\" data-hspacer=\"no_spacer\"  data-halign=\"center\" style=\"text-align:center\"><div class=\"uvc-heading-spacer no_spacer\" style=\"top\"><\/div><div class=\"uvc-main-heading ult-responsive\"  data-ultimate-target='.uvc-heading.ultimate-heading-86669d533e35ff4e h1'  data-responsive-json-new='{\"font-size\":\"\",\"line-height\":\"\"}' ><h1 style=\"--font-weight:theme;margin-bottom:40px;\">Parodontologia In Generale<\/h1><\/div><\/div>[vc_column_text]<\/p>\n<h4 style=\"text-align: center;\">Diagnosi &#038; terapia iniziale<\/h4>\n<p>[\/vc_column_text][vc_column_text el_class=&#8221;gillsans&#8221; css=&#8221;.vc_custom_1588010069768{padding-top: 10px !important;padding-bottom: 20px !important;}&#8221;]<\/p>\n<p style=\"text-align: center;\">Il primo passo dopo la diagnosi di una forma di malattia parodontale \u00e8 la terapia parodontale iniziale. Essa riguarda la pulizia dei denti dal tartaro, dai depositi molli e dalle macchie, e in pi\u00f9 la rimozione dei tessuti infetti sulla superfice della radice.<\/p>\n<p>&nbsp;<\/p>\n<p style=\"text-align: center;\">La fase seguente \u00e8 la pulizia e la lucidatura dei denti sopra e sotto le gengive, riducendo cos\u00ec la quantit\u00e0 di batteri nella tasca parodontale.<\/p>\n<p>[\/vc_column_text][vc_single_image image=&#8221;3022&#8243; img_size=&#8221;full&#8221; alignment=&#8221;center&#8221; css=&#8221;.vc_custom_1582710994939{margin-bottom: 0px !important;border-bottom-width: 0px !important;padding-bottom: 0px !important;}&#8221;][vc_column_text css=&#8221;.vc_custom_1582711462438{padding-top: 60px !important;}&#8221;]<\/p>\n<h4 style=\"text-align: center;\">Trattamento chirurgico<\/h4>\n<p>[\/vc_column_text][vc_column_text el_class=&#8221;gillsans&#8221;]<\/p>\n<p style=\"text-align: center;\">Se la terapia iniziale non ha avuto un esito positivo, seguir\u00e0 una terapia chirurgica con la quale si rimuove la tasca parodontale.Per fare in modo che il trattamento chirurgico produca i migliori risultati, nel nostro policlinico usiamo un materiale speciale chiamato Emdogain che favorisce la rigenerazione dei tessuti duri e molli persi a causa della malattia paradontale.<\/p>\n<p>[\/vc_column_text][vc_column_text css=&#8221;.vc_custom_1582713883272{padding-top: 40px !important;}&#8221;]<\/p>\n<h4 style=\"text-align: center;\">Trattamento estetico<\/h4>\n<p>[\/vc_column_text][vc_column_text el_class=&#8221;gillsans&#8221;]<\/p>\n<p style=\"text-align: center;\">La chirurgia parodontale \u00e8 ampiamente utilizzata per correggere una posizione impropria delle gengive (retrazione o recessione) o per creare una situazione gengivale stabile e sana prima dei restauri protesici.<\/p>\n<p>[\/vc_column_text]<div class=\"ult-spacer spacer-69d533e35ff73\" data-id=\"69d533e35ff73\" data-height=\"60\" data-height-mobile=\"30\" data-height-tab=\"60\" data-height-tab-portrait=\"30\" data-height-mobile-landscape=\"30\" style=\"clear:both;display:block;\"><\/div>[\/vc_column][vc_column width=&#8221;1\/12&#8243;][\/vc_column][\/vc_row][vc_row full_width=&#8221;stretch_row_content&#8221; equal_height=&#8221;yes&#8221; bg_type=&#8221;image&#8221; parallax_style=&#8221;vcpb-default&#8221; bg_image_new=&#8221;id^1943|url^http:\/\/jelusic.com\/wp-content\/uploads\/2020\/02\/best-periodontal-surgery-london.jpg|caption^null|alt^best-periodontal-surgery-london|title^best-periodontal-surgery-london|description^null&#8221; bg_image_repeat=&#8221;no-repeat&#8221; bg_image_size=&#8221;initial&#8221; bg_override=&#8221;full&#8221;][vc_column css=&#8221;.vc_custom_1582710051528{margin-top: 0px !important;margin-right: 0px !important;margin-bottom: 0px !important;margin-left: 0px !important;border-top-width: 0px !important;border-right-width: 0px !important;border-bottom-width: 0px !important;border-left-width: 0px !important;padding-top: 0px !important;padding-right: 0px !important;padding-bottom: 0px !important;padding-left: 0px !important;}&#8221;][vc_empty_space height=&#8221;500px&#8221;][vc_column_text css=&#8221;.vc_custom_1582713814903{margin-top: 0px !important;margin-right: 0px !important;margin-bottom: 0px !important;margin-left: 0px !important;border-top-width: 0px !important;border-right-width: 0px !important;border-bottom-width: 0px !important;border-left-width: 0px !important;padding-top: 70px !important;padding-right: 0px !important;padding-bottom: 30px !important;padding-left: 0px !important;background-color: rgba(183,198,200,0.8) !important;*background-color: rgb(183,198,200) !important;}&#8221;]<\/p>\n<h4 style=\"text-align: center;\"><span style=\"color: #ffffff;\">Prevenzione semplice <\/span><\/h4>\n<p>[\/vc_column_text][vc_column_text el_class=&#8221;gillsans&#8221; css=&#8221;.vc_custom_1582713821517{margin-top: 0px !important;margin-right: 0px !important;margin-bottom: 0px !important;margin-left: 0px !important;border-top-width: 0px !important;border-right-width: 0px !important;border-bottom-width: 0px !important;border-left-width: 0px !important;padding-top: 0px !important;padding-right: 0px !important;padding-bottom: 70px !important;padding-left: 0px !important;background-color: rgba(183,198,200,0.8) !important;*background-color: rgb(183,198,200) !important;}&#8221;]<\/p>\n<p style=\"text-align: center;\"><span style=\"color: #ffffff;\">La prevenzione \u00e8 un fattore importante per evitare la parodontite. Semplici misure come il controllo della placca, l\u2019igiene orale<br \/>\ne le visite dentistiche regolari sono essenziali per preservare la salute della bocca.<\/span><\/p>\n<p>[\/vc_column_text][\/vc_column][\/vc_row][vc_row full_width=&#8221;stretch_row_content&#8221; equal_height=&#8221;yes&#8221; css=&#8221;.vc_custom_1582713269970{margin-top: 0px !important;margin-bottom: 0px !important;border-top-width: 0px !important;border-bottom-width: 0px !important;padding-top: 0px !important;padding-bottom: 0px !important;}&#8221;][vc_column width=&#8221;1\/4&#8243; css=&#8221;.vc_custom_1581341412817{margin-top: 0px !important;margin-right: 0px !important;margin-bottom: 0px !important;margin-left: 0px !important;border-top-width: 0px !important;border-right-width: 0px !important;border-bottom-width: 0px !important;border-left-width: 0px !important;padding-top: 0px !important;padding-right: 0px !important;padding-bottom: 0px !important;padding-left: 0px !important;}&#8221; offset=&#8221;vc_col-xs-6&#8243;][vc_single_image image=&#8221;3016&#8243; img_size=&#8221;500&#215;425&#8243; alignment=&#8221;center&#8221; css=&#8221;.vc_custom_1582713918527{margin-bottom: 0px !important;border-bottom-width: 0px !important;padding-bottom: 0px !important;}&#8221;][\/vc_column][vc_column width=&#8221;1\/4&#8243; css=&#8221;.vc_custom_1581341421806{margin-top: 0px !important;margin-right: 0px !important;margin-bottom: 0px !important;margin-left: 0px !important;border-top-width: 0px !important;border-right-width: 0px !important;border-bottom-width: 0px !important;border-left-width: 0px !important;padding-top: 0px !important;padding-right: 0px !important;padding-bottom: 0px !important;padding-left: 0px !important;}&#8221; offset=&#8221;vc_col-xs-6&#8243;][vc_single_image image=&#8221;3012&#8243; img_size=&#8221;500&#215;425&#8243; alignment=&#8221;center&#8221; css=&#8221;.vc_custom_1582713924428{margin-bottom: 0px !important;border-bottom-width: 0px !important;padding-bottom: 0px !important;}&#8221;][\/vc_column][vc_column width=&#8221;1\/4&#8243; css=&#8221;.vc_custom_1581341430318{margin-top: 0px !important;margin-right: 0px !important;margin-bottom: 0px !important;margin-left: 0px !important;border-top-width: 0px !important;border-right-width: 0px !important;border-bottom-width: 0px !important;border-left-width: 0px !important;padding-top: 0px !important;padding-right: 0px !important;padding-bottom: 0px !important;padding-left: 0px !important;}&#8221; offset=&#8221;vc_col-xs-6&#8243;][vc_single_image image=&#8221;3014&#8243; img_size=&#8221;500&#215;425&#8243; alignment=&#8221;center&#8221; css=&#8221;.vc_custom_1582713933587{margin-bottom: 0px !important;border-bottom-width: 0px !important;padding-bottom: 0px !important;}&#8221;][\/vc_column][vc_column width=&#8221;1\/4&#8243; offset=&#8221;vc_col-xs-6&#8243; css=&#8221;.vc_custom_1581512160303{margin-top: 0px !important;margin-right: 0px !important;margin-bottom: 0px !important;margin-left: 0px !important;border-top-width: 0px !important;border-right-width: 0px !important;border-bottom-width: 0px !important;border-left-width: 0px !important;padding-top: 0px !important;padding-right: 0px !important;padding-bottom: 0px !important;padding-left: 0px !important;}&#8221;][vc_single_image image=&#8221;3018&#8243; img_size=&#8221;500&#215;425&#8243; alignment=&#8221;center&#8221; css=&#8221;.vc_custom_1582713939155{margin-bottom: 0px !important;border-bottom-width: 0px !important;padding-bottom: 0px !important;}&#8221;][\/vc_column][\/vc_row][vc_row equal_height=&#8221;yes&#8221;][vc_column width=&#8221;1\/12&#8243;][\/vc_column][vc_column width=&#8221;5\/6&#8243;]<div class=\"ult-spacer spacer-69d533e35ff88\" data-id=\"69d533e35ff88\" data-height=\"60\" data-height-mobile=\"30\" data-height-tab=\"60\" data-height-tab-portrait=\"30\" data-height-mobile-landscape=\"30\" style=\"clear:both;display:block;\"><\/div>[vc_column_text]<\/p>\n<h4 style=\"text-align: center;\">Problemi con le gengive<\/h4>\n<p>[\/vc_column_text][vc_column_text el_class=&#8221;gillsans&#8221;]<\/p>\n<p style=\"text-align: center;\">Molti fattori, come il sistema immunitario indebolito, la predisposizione genetica o il fumo, influiscono sullo sviluppo e sulla diffusione della malattia parodontale. Tra le pi\u00f9 comuni sono la gengivite (infiammazione delle gengive) e la parodontite (meglio nota come periodontite, \u00e8 l\u2019infezione batterica dei tessuti intorno al dente che provoca un graduale ritiro dei tessuti).<\/p>\n<p>[\/vc_column_text][vc_column_text css=&#8221;.vc_custom_1582801470665{padding-top: 40px !important;}&#8221;]<\/p>\n<h4 style=\"text-align: center;\">La parodontite e gli impianti<\/h4>\n<p>[\/vc_column_text][vc_column_text el_class=&#8221;gillsans&#8221;]<\/p>\n<p style=\"text-align: center;\">Una domanda comune \u00e8 se l\u2019implantologia sia il trattamento adatto per un paziente affetto da malattia parodontale e qual \u00e8 il futuro di questi impianti. Sebbene i pazienti di questo tipo possono essere adatti per l\u2019installazione degli impianti, ci\u00f2 non dovrebbe essere eseguito senza una terapia adeguata o un trattamento specifico della malattia parodontale. Se la malattia parodontale \u00e8 tenuta sotto controllo, gli impianti avranno lo stesso successo come con tutti gli altri pazienti.<\/p>\n<p>[\/vc_column_text]<div class=\"ult-spacer spacer-69d533e35ffa0\" data-id=\"69d533e35ffa0\" data-height=\"60\" data-height-mobile=\"30\" data-height-tab=\"60\" data-height-tab-portrait=\"30\" data-height-mobile-landscape=\"30\" style=\"clear:both;display:block;\"><\/div>[\/vc_column][vc_column width=&#8221;1\/12&#8243;][\/vc_column][\/vc_row][vc_row bg_type=&#8221;bg_color&#8221; bg_override=&#8221;full&#8221; css=&#8221;.vc_custom_1582801409764{padding-top: 70px !important;padding-bottom: 60px !important;background-position: center !important;background-repeat: no-repeat !important;background-size: cover !important;}&#8221; bg_color_value=&#8221;#b3c7c8&#8243;][vc_column width=&#8221;1\/12&#8243; css=&#8221;.vc_custom_1580399402360{margin-top: 0px !important;margin-bottom: -15px !important;border-top-width: 0px !important;border-bottom-width: 0px !important;padding-top: 20px !important;padding-bottom: 0px !important;}&#8221;][\/vc_column][vc_column width=&#8221;5\/6&#8243;][vc_column_text]<\/p>\n<h4 style=\"text-align: center;\"><span style=\"color: #ffffff;\">Se avete problemi con le gengive o pensate di avere sintomi di patologie gengivali, contattateci per organizzare un appuntamento con uno dei nostri parodontologi.<br \/>\n<\/span><\/h4>\n<p>[\/vc_column_text][vc_column_text]<\/p>\n<h1 style=\"text-align: center;\"><span style=\"color: #ffffff;\">+385 51 718 050<\/span><\/h1>\n<p>[\/vc_column_text]<div class=\" ubtn-ctn-center \"><a class=\"ubtn-link ult-adjust-bottom-margin ubtn-center ubtn-custom \" href=\"http:\/\/jelusic.com\/it\/contatti\/\" ><button type=\"button\" id=\"ubtn-3307\"  class=\"ubtn ult-adjust-bottom-margin ult-responsive ubtn-custom ubtn-top-bg  none  ubtn-center   tooltip-69d533e35ffc2\"  data-hover=\"#b3c7c8\" data-border-color=\"#ffffff\" data-bg=\"#b49f72\" data-hover-bg=\"#ffffff\" data-border-hover=\"#b3c7c8\" data-shadow-hover=\"\" data-shadow-click=\"none\" data-shadow=\"\" data-shd-shadow=\"\"  data-ultimate-target='#ubtn-3307'  data-responsive-json-new='{\"font-size\":\"desktop:18px;\",\"line-height\":\"desktop:30px;\"}'  style=\"font-weight:normal;width:px;min-height:px;padding:10px 22px;border-radius:0px;border-width:2px;border-color:#ffffff;border-style:solid;background: #b49f72;color: #ffffff;\"><span class=\"ubtn-hover\" style=\"background-color:#ffffff\"><\/span><span class=\"ubtn-data ubtn-text \" >FISSA L\u2019APPUNTAMENTO<\/span><\/button><\/a><\/div>[\/vc_column][vc_column width=&#8221;1\/12&#8243;][\/vc_column][\/vc_row]<\/p>\n","protected":false},"excerpt":{"rendered":"<p>[vc_row bg_type=&#8221;bg_color&#8221; bg_override=&#8221;full&#8221; css=&#8221;.vc_custom_1582191276481{background-position: center !important;background-repeat: no-repeat !important;background-size: cover !important;}&#8221; bg_color_value=&#8221;#b7c6c8&#8243;][vc_column][vc_empty_space height=&#8221;1px&#8221;][\/vc_column][\/vc_row][vc_row gap=&#8221;30&#8243; equal_height=&#8221;yes&#8221;][vc_column width=&#8221;1\/6&#8243;][\/vc_column][vc_column width=&#8221;2\/3&#8243;][vc_column_text el_class=&#8221;gillsans&#8221; css=&#8221;.vc_custom_1582710636350{padding-top: 10px !important;}&#8221;] La conservazione delle gengive si chiama \u201cparodontologia\u201d ed \u00e8 considerata una forma \u201colistica\u201d di odontoiatria. Si occupa della preservazione della salute dei tessuti di sostegno dei denti, il cosiddetto parodonto. La salute delle strutture di&hellip;<\/p>\n","protected":false},"author":1,"featured_media":0,"parent":0,"menu_order":0,"comment_status":"closed","ping_status":"closed","template":"","meta":[],"_links":{"self":[{"href":"https:\/\/jelusic.com\/it\/wp-json\/wp\/v2\/pages\/3010"}],"collection":[{"href":"https:\/\/jelusic.com\/it\/wp-json\/wp\/v2\/pages"}],"about":[{"href":"https:\/\/jelusic.com\/it\/wp-json\/wp\/v2\/types\/page"}],"author":[{"embeddable":true,"href":"https:\/\/jelusic.com\/it\/wp-json\/wp\/v2\/users\/1"}],"replies":[{"embeddable":true,"href":"https:\/\/jelusic.com\/it\/wp-json\/wp\/v2\/comments?post=3010"}],"version-history":[{"count":5,"href":"https:\/\/jelusic.com\/it\/wp-json\/wp\/v2\/pages\/3010\/revisions"}],"predecessor-version":[{"id":4814,"href":"https:\/\/jelusic.com\/it\/wp-json\/wp\/v2\/pages\/3010\/revisions\/4814"}],"wp:attachment":[{"href":"https:\/\/jelusic.com\/it\/wp-json\/wp\/v2\/media?parent=3010"}],"curies":[{"name":"wp","href":"https:\/\/api.w.org\/{rel}","templated":true}]}}