{"id":3050,"date":"2020-05-05T16:03:30","date_gmt":"2020-05-05T16:03:30","guid":{"rendered":"http:\/\/jelusic.webpoint.com.hr\/rigenerazione-ossea\/"},"modified":"2020-05-21T16:04:09","modified_gmt":"2020-05-21T16:04:09","slug":"rigenerazione-ossea","status":"publish","type":"page","link":"https:\/\/jelusic.com\/it\/rigenerazione-ossea\/","title":{"rendered":"Rigenerazione ossea"},"content":{"rendered":"<p>[vc_row bg_type=&#8221;bg_color&#8221; bg_override=&#8221;full&#8221; css=&#8221;.vc_custom_1582191276481{background-position: center !important;background-repeat: no-repeat !important;background-size: cover !important;}&#8221; bg_color_value=&#8221;#b7c6c8&#8243;][vc_column][vc_empty_space height=&#8221;1px&#8221;][\/vc_column][\/vc_row][vc_row gap=&#8221;30&#8243; equal_height=&#8221;yes&#8221;][vc_column width=&#8221;1\/12&#8243;][\/vc_column][vc_column width=&#8221;5\/6&#8243;]<div class=\"ult-spacer spacer-69dee9c7e0394\" data-id=\"69dee9c7e0394\" data-height=\"60\" data-height-mobile=\"0\" data-height-tab=\"60\" data-height-tab-portrait=\"30\" data-height-mobile-landscape=\"0\" style=\"clear:both;display:block;\"><\/div><div id=\"ultimate-heading-580769dee9c7e03d1\" class=\"uvc-heading ult-adjust-bottom-margin ultimate-heading-580769dee9c7e03d1 uvc-6486 naslov-lato uvc-heading-default-font-sizes\" data-hspacer=\"no_spacer\"  data-halign=\"center\" style=\"text-align:center\"><div class=\"uvc-heading-spacer no_spacer\" style=\"top\"><\/div><div class=\"uvc-main-heading ult-responsive\"  data-ultimate-target='.uvc-heading.ultimate-heading-580769dee9c7e03d1 h1'  data-responsive-json-new='{\"font-size\":\"\",\"line-height\":\"\"}' ><h1 style=\"--font-weight:theme;margin-bottom:40px;\">Ricostruzione di volume e struttura per aiutare i futuri trattamenti implantari<\/h1><\/div><\/div>[vc_column_text el_class=&#8221;gillsans&#8221; css=&#8221;.vc_custom_1587560043800{padding-top: 10px !important;}&#8221;]<\/p>\n<p style=\"text-align: center;\">La rigenerazione ossea \u00e8 un metodo chirurgico che mira ad aumentare la struttura e il volume osseo in modo di assicurare i presupposti per una successiva installazione dell\u2019impianto. I nostri dentisti specializzati nella rigenerazione ossea utilizzano una variet\u00e0 di trattamenti a seconda della diagnostica e del piano di trattamento dentale.<\/p>\n<p>[\/vc_column_text]<div class=\"ult-spacer spacer-69dee9c7e0400\" data-id=\"69dee9c7e0400\" data-height=\"60\" data-height-mobile=\"0\" data-height-tab=\"60\" data-height-tab-portrait=\"30\" data-height-mobile-landscape=\"0\" style=\"clear:both;display:block;\"><\/div>[\/vc_column][vc_column width=&#8221;1\/12&#8243;][\/vc_column][\/vc_row][vc_row full_width=&#8221;stretch_row_content_no_spaces&#8221;][vc_column][vc_single_image image=&#8221;3058&#8243; img_size=&#8221;full&#8221; alignment=&#8221;center&#8221;][\/vc_column][\/vc_row][vc_row gap=&#8221;30&#8243; equal_height=&#8221;yes&#8221;][vc_column width=&#8221;1\/12&#8243;][\/vc_column][vc_column width=&#8221;5\/6&#8243;]<div class=\"ult-spacer spacer-69dee9c7e0418\" data-id=\"69dee9c7e0418\" data-height=\"60\" data-height-mobile=\"0\" data-height-tab=\"60\" data-height-tab-portrait=\"30\" data-height-mobile-landscape=\"0\" style=\"clear:both;display:block;\"><\/div><div id=\"ultimate-heading-797869dee9c7e0434\" class=\"uvc-heading ult-adjust-bottom-margin ultimate-heading-797869dee9c7e0434 uvc-4320 naslov-lato uvc-heading-default-font-sizes\" data-hspacer=\"no_spacer\"  data-halign=\"center\" style=\"text-align:center\"><div class=\"uvc-heading-spacer no_spacer\" style=\"top\"><\/div><div class=\"uvc-main-heading ult-responsive\"  data-ultimate-target='.uvc-heading.ultimate-heading-797869dee9c7e0434 h1'  data-responsive-json-new='{\"font-size\":\"\",\"line-height\":\"\"}' ><h1 style=\"--font-weight:theme;margin-bottom:40px;\">I metodi di rigenerazione<\/h1><\/div><\/div>[vc_column_text css=&#8221;.vc_custom_1582725327572{padding-top: 10px !important;}&#8221;]<\/p>\n<h4 style=\"text-align: center;\">Rigenerazione ossea guidata<\/h4>\n<p>[\/vc_column_text][vc_column_text el_class=&#8221;gillsans&#8221; css=&#8221;.vc_custom_1582725336336{padding-top: 10px !important;}&#8221;]<\/p>\n<p style=\"text-align: center;\">La rigenerazione ossea si usa nei casi dell\u2019assenza dell\u2019osso, indipendentemente dalla quantita dei denti da sostituire. La rigenerazione guidata si basa sull\u2019uttilizzo dei materiali e metodi specializzati tramite i quali avviene l\u2019avvicendamento con l\u2019osso stesso. Il processo della rigenerazione ossea puo durare dai 4 ai 6 mesi, dopo i quali si procede con il trattamento implanotologico.<\/p>\n<p>[\/vc_column_text][vc_column_text css=&#8221;.vc_custom_1582800078089{padding-top: 60px !important;}&#8221;]<\/p>\n<h4 style=\"text-align: center;\">Preservazione dell\u2019alveolo<\/h4>\n<p>[\/vc_column_text][vc_column_text el_class=&#8221;gillsans&#8221; css=&#8221;.vc_custom_1582725363010{padding-top: 10px !important;}&#8221;]<\/p>\n<p style=\"text-align: center;\">Questo tipo di rigenerazione ossea avviene dopo l\u2019estrazione del dente. La procedura prevede l\u2019inserimento del materiale osseo sostitutivo nella cavit\u00e0 rimasta dopo l\u2019estrazione. Questo metodo crea le premesse per un futuro trattamento implantologico pi\u00f9 sicuro ed efficace, ma riduce e previene anche la riduzione della massa ossea dopo l\u2019estrazione.<br \/>\n[\/vc_column_text]<div class=\"ult-spacer spacer-69dee9c7e0455\" data-id=\"69dee9c7e0455\" data-height=\"60\" data-height-mobile=\"0\" data-height-tab=\"60\" data-height-tab-portrait=\"30\" data-height-mobile-landscape=\"0\" style=\"clear:both;display:block;\"><\/div>[\/vc_column][vc_column width=&#8221;1\/12&#8243;][\/vc_column][\/vc_row][vc_row full_width=&#8221;stretch_row_content_no_spaces&#8221; equal_height=&#8221;yes&#8221; css=&#8221;.vc_custom_1582725574647{margin-top: 0px !important;margin-bottom: 0px !important;border-top-width: 0px !important;border-bottom-width: 0px !important;padding-top: 0px !important;padding-bottom: 0px !important;}&#8221;][vc_column width=&#8221;1\/3&#8243; css=&#8221;.vc_custom_1581341412817{margin-top: 0px !important;margin-right: 0px !important;margin-bottom: 0px !important;margin-left: 0px !important;border-top-width: 0px !important;border-right-width: 0px !important;border-bottom-width: 0px !important;border-left-width: 0px !important;padding-top: 0px !important;padding-right: 0px !important;padding-bottom: 0px !important;padding-left: 0px !important;}&#8221; offset=&#8221;vc_col-xs-6&#8243;][vc_single_image image=&#8221;3052&#8243; img_size=&#8221;full&#8221; alignment=&#8221;center&#8221; css=&#8221;.vc_custom_1582725854198{margin-bottom: 0px !important;border-bottom-width: 0px !important;padding-bottom: 0px !important;}&#8221;][\/vc_column][vc_column width=&#8221;1\/3&#8243; css=&#8221;.vc_custom_1581341421806{margin-top: 0px !important;margin-right: 0px !important;margin-bottom: 0px !important;margin-left: 0px !important;border-top-width: 0px !important;border-right-width: 0px !important;border-bottom-width: 0px !important;border-left-width: 0px !important;padding-top: 0px !important;padding-right: 0px !important;padding-bottom: 0px !important;padding-left: 0px !important;}&#8221; offset=&#8221;vc_col-xs-6&#8243;][vc_single_image image=&#8221;3054&#8243; img_size=&#8221;full&#8221; alignment=&#8221;center&#8221; css=&#8221;.vc_custom_1582725871849{margin-bottom: 0px !important;border-bottom-width: 0px !important;padding-bottom: 0px !important;}&#8221;][\/vc_column][vc_column width=&#8221;1\/3&#8243; css=&#8221;.vc_custom_1582726177099{margin-top: 0px !important;margin-right: 0px !important;margin-bottom: 0px !important;margin-left: 0px !important;border-top-width: 0px !important;border-right-width: 0px !important;border-bottom-width: 0px !important;border-left-width: 0px !important;padding-top: 0px !important;padding-right: 0px !important;padding-bottom: 0px !important;padding-left: 0px !important;}&#8221;][vc_single_image image=&#8221;3056&#8243; img_size=&#8221;full&#8221; alignment=&#8221;center&#8221; css=&#8221;.vc_custom_1582725881174{margin-bottom: 0px !important;border-bottom-width: 0px !important;padding-bottom: 0px !important;}&#8221;][\/vc_column][\/vc_row][vc_row gap=&#8221;30&#8243; equal_height=&#8221;yes&#8221;][vc_column width=&#8221;1\/12&#8243;][\/vc_column][vc_column width=&#8221;5\/6&#8243;]<div class=\"ult-spacer spacer-69dee9c7e046e\" data-id=\"69dee9c7e046e\" data-height=\"60\" data-height-mobile=\"0\" data-height-tab=\"60\" data-height-tab-portrait=\"30\" data-height-mobile-landscape=\"0\" style=\"clear:both;display:block;\"><\/div>[vc_column_text css=&#8221;.vc_custom_1582725436303{padding-top: 10px !important;}&#8221;]<\/p>\n<h4 style=\"text-align: center;\">Rigenerazione segmentale<\/h4>\n<p>[\/vc_column_text][vc_column_text el_class=&#8221;gillsans&#8221; css=&#8221;.vc_custom_1582725459422{padding-top: 10px !important;}&#8221;]<\/p>\n<p style=\"text-align: center;\">La rigenerazione segmentale \u00e8 di solito un intervento d\u2019espansione di una cresta ossea molto stretta con lo scopo di integrare l\u2019impianto, conservare i denti naturali adiacenti e sostituire uno o pi\u00f9 denti mancanti senza danneggiare l\u2019estetica e la funzionalit\u00e0. Esistono diverse tecniche di rigenerazione della cresta, a seconda dei materiali utilizzati e il volume di tessuto osseo che si deve recuperare.<\/p>\n<p>[\/vc_column_text][vc_column_text css=&#8221;.vc_custom_1582800096472{padding-top: 60px !important;}&#8221;]<\/p>\n<h4 style=\"text-align: center;\">Sinus lift<\/h4>\n<p>[\/vc_column_text][vc_column_text el_class=&#8221;gillsans&#8221; css=&#8221;.vc_custom_1588011866184{padding-top: 10px !important;}&#8221;]<\/p>\n<p style=\"text-align: center;\">Questo \u00e8 un modo molto efficace di rigenerazione ossea in situazioni in cui vi \u00e8 una grave perdita ossea nella mascella laterale posteriore. \u00c8 una procedura chirurgica in cui il materiale sostitutivo \u00e8 incorporato attraverso una piccola apertura sulla parete ossea del seno e s\u2019inserisce il materiale sostitutivo, che in seguito viene convertito in osso, rialzando il fondo del seno.<\/p>\n<p>[\/vc_column_text]<div class=\"ult-spacer spacer-69dee9c7e047c\" data-id=\"69dee9c7e047c\" data-height=\"60\" data-height-mobile=\"0\" data-height-tab=\"60\" data-height-tab-portrait=\"30\" data-height-mobile-landscape=\"0\" style=\"clear:both;display:block;\"><\/div>[\/vc_column][vc_column width=&#8221;1\/12&#8243;][\/vc_column][\/vc_row][vc_row bg_type=&#8221;bg_color&#8221; bg_override=&#8221;full&#8221; css=&#8221;.vc_custom_1582800111670{padding-top: 70px !important;padding-bottom: 60px !important;background-position: center !important;background-repeat: no-repeat !important;background-size: cover !important;}&#8221; bg_color_value=&#8221;#b3c7c8&#8243;][vc_column width=&#8221;1\/12&#8243; css=&#8221;.vc_custom_1580399402360{margin-top: 0px !important;margin-bottom: -15px !important;border-top-width: 0px !important;border-bottom-width: 0px !important;padding-top: 20px !important;padding-bottom: 0px !important;}&#8221;][\/vc_column][vc_column width=&#8221;5\/6&#8243;][vc_column_text]<\/p>\n<h4 style=\"text-align: center;\"><span style=\"color: #ffffff;\">Per saperne di pi\u00f9 sui trattamenti e benefici della rigenerazione ossea, parla con uno dei nostri team dentali per prenotare un appuntamento<br \/>\n<\/span><\/h4>\n<p>[\/vc_column_text][vc_column_text]<\/p>\n<h1 style=\"text-align: center;\"><span style=\"color: #ffffff;\">+385 51 718 050<\/span><\/h1>\n<p>[\/vc_column_text]<div class=\" ubtn-ctn-center \"><a class=\"ubtn-link ult-adjust-bottom-margin ubtn-center ubtn-custom \" href=\"http:\/\/jelusic.com\/it\/contatti\/\" ><button type=\"button\" id=\"ubtn-7112\"  class=\"ubtn ult-adjust-bottom-margin ult-responsive ubtn-custom ubtn-top-bg  none  ubtn-center   tooltip-69dee9c7e049f\"  data-hover=\"#b3c7c8\" data-border-color=\"#ffffff\" data-bg=\"#b49f72\" data-hover-bg=\"#ffffff\" data-border-hover=\"#b3c7c8\" data-shadow-hover=\"\" data-shadow-click=\"none\" data-shadow=\"\" data-shd-shadow=\"\"  data-ultimate-target='#ubtn-7112'  data-responsive-json-new='{\"font-size\":\"desktop:18px;\",\"line-height\":\"desktop:30px;\"}'  style=\"font-weight:normal;width:px;min-height:px;padding:10px 22px;border-radius:0px;border-width:2px;border-color:#ffffff;border-style:solid;background: #b49f72;color: #ffffff;\"><span class=\"ubtn-hover\" style=\"background-color:#ffffff\"><\/span><span class=\"ubtn-data ubtn-text \" >FISSA L\u2019APPUNTAMENTO<\/span><\/button><\/a><\/div>[\/vc_column][vc_column width=&#8221;1\/12&#8243;][\/vc_column][\/vc_row]<\/p>\n","protected":false},"excerpt":{"rendered":"<p>[vc_row bg_type=&#8221;bg_color&#8221; bg_override=&#8221;full&#8221; css=&#8221;.vc_custom_1582191276481{background-position: center !important;background-repeat: no-repeat !important;background-size: cover !important;}&#8221; bg_color_value=&#8221;#b7c6c8&#8243;][vc_column][vc_empty_space height=&#8221;1px&#8221;][\/vc_column][\/vc_row][vc_row gap=&#8221;30&#8243; equal_height=&#8221;yes&#8221;][vc_column width=&#8221;1\/12&#8243;][\/vc_column][vc_column width=&#8221;5\/6&#8243;][vc_column_text el_class=&#8221;gillsans&#8221; css=&#8221;.vc_custom_1587560043800{padding-top: 10px !important;}&#8221;] La rigenerazione ossea \u00e8 un metodo chirurgico che mira ad aumentare la struttura e il volume osseo in modo di assicurare i presupposti per una successiva installazione dell\u2019impianto. I nostri dentisti specializzati nella rigenerazione ossea&hellip;<\/p>\n","protected":false},"author":1,"featured_media":0,"parent":0,"menu_order":0,"comment_status":"closed","ping_status":"closed","template":"","meta":[],"_links":{"self":[{"href":"https:\/\/jelusic.com\/it\/wp-json\/wp\/v2\/pages\/3050"}],"collection":[{"href":"https:\/\/jelusic.com\/it\/wp-json\/wp\/v2\/pages"}],"about":[{"href":"https:\/\/jelusic.com\/it\/wp-json\/wp\/v2\/types\/page"}],"author":[{"embeddable":true,"href":"https:\/\/jelusic.com\/it\/wp-json\/wp\/v2\/users\/1"}],"replies":[{"embeddable":true,"href":"https:\/\/jelusic.com\/it\/wp-json\/wp\/v2\/comments?post=3050"}],"version-history":[{"count":5,"href":"https:\/\/jelusic.com\/it\/wp-json\/wp\/v2\/pages\/3050\/revisions"}],"predecessor-version":[{"id":4826,"href":"https:\/\/jelusic.com\/it\/wp-json\/wp\/v2\/pages\/3050\/revisions\/4826"}],"wp:attachment":[{"href":"https:\/\/jelusic.com\/it\/wp-json\/wp\/v2\/media?parent=3050"}],"curies":[{"name":"wp","href":"https:\/\/api.w.org\/{rel}","templated":true}]}}